{"id":17585,"date":"2024-04-02T14:47:12","date_gmt":"2024-04-02T18:47:12","guid":{"rendered":"https:\/\/mathmatters.cms.math.ca\/?page_id=17585"},"modified":"2024-04-05T12:02:51","modified_gmt":"2024-04-05T16:02:51","slug":"soumissions","status":"publish","type":"page","link":"https:\/\/mathmatters.cms.math.ca\/fr\/soumissions\/","title":{"rendered":"Soumissions"},"content":{"rendered":"<p>Nous vous remercions de l&rsquo;int\u00e9r\u00eat que vous portez \u00e0 l\u2019hebdomadaire \u00ab Les maths comptent \u00bb. Si vous souhaitez soumettre une contribution \u00e0 Les maths comptent, veuillez envoyer un courriel \u00e0 mathmatters@cms.math.ca. Votre annonce sera incluse dans le prochain num\u00e9ro (sous r\u00e9serve d&rsquo;approbation).<\/p>\n<p>Notre bulletin est distribu\u00e9 \u00e0 tous les abonn\u00e9s de la liste de diffusion cmath, offrant aux membres de la SMC et \u00e0 d&rsquo;autres personnes une plateforme pour partager des informations pertinentes pour la communaut\u00e9 math\u00e9matique canadienne. Il n&rsquo;est pas garanti que toutes les soumissions soient pr\u00e9sent\u00e9es, car elles font l&rsquo;objet d&rsquo;un examen et d&rsquo;une r\u00e9vision.<\/p>\n<p>Veuillez respecter les directives suivantes lorsque vous soumettez votre message ou votre article :<\/p>\n<p>\u2022 En plus de votre texte, envoyez toutes les pi\u00e8ces jointes en format PDF.<br \/>\n\u2022 Lorsque vous incluez des infographies et des d\u00e9pliants, veillez \u00e0 ce qu&rsquo;ils soient lisibles sur les appareils mobiles en les testant dans une fen\u00eatre de navigateur plus petite.<br \/>\n\u2022 \u00c9vitez d&rsquo;int\u00e9grer des liens dans les graphiques ; int\u00e9grez-les plut\u00f4t dans le texte.<br \/>\n\u2022 Pour les soumissions de texte, envoyez le contenu de votre soumission dans le corps d&rsquo;un courriel ou en tant que document joint.<br \/>\n\u2022 Les offres d&#8217;emploi ou de carri\u00e8re seront pr\u00e9sent\u00e9es dans le courriel et li\u00e9es directement \u00e0 notre page carri\u00e8re sur le site Web de la SMC.<\/p>\n<p>Notre bulletin d&rsquo;information est envoy\u00e9 chaque semaine le vendredi (veuillez noter que des ajustements mineurs de l&rsquo;horaire peuvent survenir sans pr\u00e9avis). Les articles re\u00e7us le vendredi seront inclus dans le num\u00e9ro de la semaine suivante, et non le jour m\u00eame.<\/p>\n<p>\u00c9crivez-vous \u00e0 <a href=\"mailto:mathmatters@cms.math.ca\">mathmatters@cms.math.ca<\/a><\/p>\n","protected":false},"excerpt":{"rendered":"<p>Nous vous remercions de l&rsquo;int\u00e9r\u00eat que vous portez \u00e0 l\u2019hebdomadaire \u00ab Les maths comptent \u00bb. Si vous souhaitez soumettre une contribution \u00e0 Les maths comptent, veuillez envoyer un courriel \u00e0 mathmatters@cms.math.ca. Votre annonce sera incluse dans le prochain num\u00e9ro (sous r\u00e9serve d&rsquo;approbation). Notre bulletin est distribu\u00e9 \u00e0 tous les abonn\u00e9s de la liste de diffusion &#8230; <a title=\"Soumissions\" class=\"read-more\" href=\"https:\/\/mathmatters.cms.math.ca\/fr\/soumissions\/\" aria-label=\"En savoir plus sur Soumissions\">Lire la suite<\/a><\/p>\n","protected":false},"author":3,"featured_media":0,"parent":0,"menu_order":0,"comment_status":"closed","ping_status":"closed","template":"","meta":{"footnotes":""},"class_list":["post-17585","page","type-page","status-publish"],"_links":{"self":[{"href":"https:\/\/mathmatters.cms.math.ca\/fr\/wp-json\/wp\/v2\/pages\/17585","targetHints":{"allow":["GET"]}}],"collection":[{"href":"https:\/\/mathmatters.cms.math.ca\/fr\/wp-json\/wp\/v2\/pages"}],"about":[{"href":"https:\/\/mathmatters.cms.math.ca\/fr\/wp-json\/wp\/v2\/types\/page"}],"author":[{"embeddable":true,"href":"https:\/\/mathmatters.cms.math.ca\/fr\/wp-json\/wp\/v2\/users\/3"}],"replies":[{"embeddable":true,"href":"https:\/\/mathmatters.cms.math.ca\/fr\/wp-json\/wp\/v2\/comments?post=17585"}],"version-history":[{"count":5,"href":"https:\/\/mathmatters.cms.math.ca\/fr\/wp-json\/wp\/v2\/pages\/17585\/revisions"}],"predecessor-version":[{"id":17624,"href":"https:\/\/mathmatters.cms.math.ca\/fr\/wp-json\/wp\/v2\/pages\/17585\/revisions\/17624"}],"wp:attachment":[{"href":"https:\/\/mathmatters.cms.math.ca\/fr\/wp-json\/wp\/v2\/media?parent=17585"}],"curies":[{"name":"wp","href":"https:\/\/api.w.org\/{rel}","templated":true}]}}