{"id":18300,"date":"2024-06-27T14:10:59","date_gmt":"2024-06-27T18:10:59","guid":{"rendered":"https:\/\/mathmatters.cms.math.ca\/?page_id=18300"},"modified":"2024-06-27T14:10:59","modified_gmt":"2024-06-27T18:10:59","slug":"sabonner","status":"publish","type":"page","link":"https:\/\/mathmatters.cms.math.ca\/fr\/sabonner\/","title":{"rendered":"S&rsquo;abonner"},"content":{"rendered":"\n<p>\u00ab\u00a0Les maths comptent\u00a0\u00bb est publi\u00e9 chaque semaine le vendredi. Les membres de la SMC re\u00e7oivent automatiquement le bulletin par courriel, mais toute personne abonn\u00e9e \u00e0 la liste de diffusion \u00ab\u00a0CMath\u00a0\u00bb (Communaut\u00e9 math\u00e9matique du Canada) le recevra \u00e9galement.<\/p>\n\n\n\n<p>Pour vous inscrire \u00e0 la liste de diffusion CMath, <a href=\"https:\/\/cms.simplelists.com\/\">cliquez ici.<\/a><\/p>\n\n\n\n<p>Si vous \u00eates d\u00e9j\u00e0 inscrit sur la liste de diffusion de la CMath, vous pouvez <a href=\"https:\/\/cms.simplelists.com\/\">vous d\u00e9sinscrire<\/a> \u00e0 tout moment.<\/p>\n","protected":false},"excerpt":{"rendered":"<p>\u00ab\u00a0Les maths comptent\u00a0\u00bb est publi\u00e9 chaque semaine le vendredi. Les membres de la SMC re\u00e7oivent automatiquement le bulletin par courriel, mais toute personne abonn\u00e9e \u00e0 la liste de diffusion \u00ab\u00a0CMath\u00a0\u00bb (Communaut\u00e9 math\u00e9matique du Canada) le recevra \u00e9galement. Pour vous inscrire \u00e0 la liste de diffusion CMath, cliquez ici. Si vous \u00eates d\u00e9j\u00e0 inscrit sur la &#8230; <a title=\"S&rsquo;abonner\" class=\"read-more\" href=\"https:\/\/mathmatters.cms.math.ca\/fr\/sabonner\/\" aria-label=\"En savoir plus sur S&rsquo;abonner\">Lire la suite<\/a><\/p>\n","protected":false},"author":11,"featured_media":0,"parent":0,"menu_order":0,"comment_status":"closed","ping_status":"closed","template":"","meta":{"footnotes":""},"class_list":["post-18300","page","type-page","status-publish"],"_links":{"self":[{"href":"https:\/\/mathmatters.cms.math.ca\/fr\/wp-json\/wp\/v2\/pages\/18300","targetHints":{"allow":["GET"]}}],"collection":[{"href":"https:\/\/mathmatters.cms.math.ca\/fr\/wp-json\/wp\/v2\/pages"}],"about":[{"href":"https:\/\/mathmatters.cms.math.ca\/fr\/wp-json\/wp\/v2\/types\/page"}],"author":[{"embeddable":true,"href":"https:\/\/mathmatters.cms.math.ca\/fr\/wp-json\/wp\/v2\/users\/11"}],"replies":[{"embeddable":true,"href":"https:\/\/mathmatters.cms.math.ca\/fr\/wp-json\/wp\/v2\/comments?post=18300"}],"version-history":[{"count":1,"href":"https:\/\/mathmatters.cms.math.ca\/fr\/wp-json\/wp\/v2\/pages\/18300\/revisions"}],"predecessor-version":[{"id":18303,"href":"https:\/\/mathmatters.cms.math.ca\/fr\/wp-json\/wp\/v2\/pages\/18300\/revisions\/18303"}],"wp:attachment":[{"href":"https:\/\/mathmatters.cms.math.ca\/fr\/wp-json\/wp\/v2\/media?parent=18300"}],"curies":[{"name":"wp","href":"https:\/\/api.w.org\/{rel}","templated":true}]}}